{"id":26,"date":"2025-06-02T03:15:27","date_gmt":"2025-06-02T03:15:27","guid":{"rendered":"https:\/\/mayliving.vn\/services-03\/"},"modified":"2026-02-06T20:21:31","modified_gmt":"2026-02-06T13:21:31","slug":"dich-vu","status":"publish","type":"page","link":"https:\/\/mayliving.vn\/en\/dich-vu\/","title":{"rendered":"Service"},"content":{"rendered":"\t\t<div data-elementor-type=\"wp-page\" data-elementor-id=\"26\" class=\"elementor elementor-26\">\n\t\t\t\t<div class=\"elementor-element elementor-element-ca76dce e-flex e-con-boxed e-con e-parent\" data-id=\"ca76dce\" data-element_type=\"container\" data-e-type=\"container\">\n\t\t\t\t\t<div class=\"e-con-inner\">\n\t\t<div class=\"elementor-element elementor-element-4362096 e-con-full e-flex e-con e-child\" data-id=\"4362096\" data-element_type=\"container\" data-e-type=\"container\">\n\t\t<div class=\"elementor-element elementor-element-73bd7df e-con-full e-flex e-con e-child\" data-id=\"73bd7df\" data-element_type=\"container\" data-e-type=\"container\">\n\t\t\t\t<div class=\"elementor-element elementor-element-7947953 elementor-absolute elementor-hidden-mobile elementor-view-default elementor-invisible elementor-widget elementor-widget-icon\" data-id=\"7947953\" data-element_type=\"widget\" data-e-type=\"widget\" data-settings=\"{&quot;_position&quot;:&quot;absolute&quot;,&quot;motion_fx_motion_fx_scrolling&quot;:&quot;yes&quot;,&quot;motion_fx_translateX_effect&quot;:&quot;yes&quot;,&quot;motion_fx_translateX_speed&quot;:{&quot;unit&quot;:&quot;px&quot;,&quot;size&quot;:1.5,&quot;sizes&quot;:[]},&quot;_animation&quot;:&quot;opal-move-right&quot;,&quot;motion_fx_translateX_affectedRange&quot;:{&quot;unit&quot;:&quot;%&quot;,&quot;size&quot;:&quot;&quot;,&quot;sizes&quot;:{&quot;start&quot;:0,&quot;end&quot;:100}},&quot;motion_fx_devices&quot;:[&quot;desktop&quot;,&quot;laptop&quot;,&quot;tablet_extra&quot;,&quot;tablet&quot;,&quot;mobile_extra&quot;,&quot;mobile&quot;]}\" data-widget_type=\"icon.default\">\n\t\t\t\t\t\t\t<div class=\"elementor-icon-wrapper\">\n\t\t\t<div class=\"elementor-icon\">\n\t\t\t\t\t\t<\/div>\n\t\t<\/div>\n\t\t\t\t\t\t<\/div>\n\t\t\t\t<div class=\"elementor-element elementor-element-9b0772f elementor-icon-list--layout-traditional elementor-list-item-link-full_width elementor-invisible elementor-widget elementor-widget-icon-list\" data-id=\"9b0772f\" data-element_type=\"widget\" data-e-type=\"widget\" data-settings=\"{&quot;_animation&quot;:&quot;opal-move-right&quot;}\" data-widget_type=\"icon-list.default\">\n\t\t\t\t\t\t\t<ul class=\"elementor-icon-list-items\">\n\t\t\t\t\t\t\t<li class=\"elementor-icon-list-item\">\n\t\t\t\t\t\t\t\t\t\t\t<span class=\"elementor-icon-list-icon\">\n\t\t\t\t\t\t\t<svg aria-hidden=\"true\" class=\"e-font-icon-svg e-fas-circle\" viewBox=\"0 0 512 512\" xmlns=\"http:\/\/www.w3.org\/2000\/svg\"><path d=\"M256 8C119 8 8 119 8 256s111 248 248 248 248-111 248-248S393 8 256 8z\"><\/path><\/svg>\t\t\t\t\t\t<\/span>\n\t\t\t\t\t\t\t\t\t\t<span class=\"elementor-icon-list-text\">Gi\u1ea3i ph\u00e1p tr\u1ecdn g\u00f3i<\/span>\n\t\t\t\t\t\t\t\t\t<\/li>\n\t\t\t\t\t\t<\/ul>\n\t\t\t\t\t\t<\/div>\n\t\t\t\t<div class=\"elementor-element elementor-element-1f06e9c elementor-widget__width-auto elementor-absolute elementor-hidden-mobile elementor-view-default elementor-invisible elementor-widget elementor-widget-icon\" data-id=\"1f06e9c\" data-element_type=\"widget\" data-e-type=\"widget\" data-settings=\"{&quot;_position&quot;:&quot;absolute&quot;,&quot;motion_fx_motion_fx_scrolling&quot;:&quot;yes&quot;,&quot;motion_fx_translateY_effect&quot;:&quot;yes&quot;,&quot;motion_fx_translateY_direction&quot;:&quot;negative&quot;,&quot;motion_fx_translateY_speed&quot;:{&quot;unit&quot;:&quot;px&quot;,&quot;size&quot;:1.2,&quot;sizes&quot;:[]},&quot;_animation&quot;:&quot;opal-move-down&quot;,&quot;motion_fx_translateY_affectedRange&quot;:{&quot;unit&quot;:&quot;%&quot;,&quot;size&quot;:&quot;&quot;,&quot;sizes&quot;:{&quot;start&quot;:0,&quot;end&quot;:100}},&quot;motion_fx_devices&quot;:[&quot;desktop&quot;,&quot;laptop&quot;,&quot;tablet_extra&quot;,&quot;tablet&quot;,&quot;mobile_extra&quot;,&quot;mobile&quot;]}\" data-widget_type=\"icon.default\">\n\t\t\t\t\t\t\t<div class=\"elementor-icon-wrapper\">\n\t\t\t<div class=\"elementor-icon\">\n\t\t\t\t\t\t<\/div>\n\t\t<\/div>\n\t\t\t\t\t\t<\/div>\n\t\t\t\t<\/div>\n\t\t<div class=\"elementor-element elementor-element-bf601b2 e-con-full e-flex e-con e-child\" data-id=\"bf601b2\" data-element_type=\"container\" data-e-type=\"container\">\n\t\t\t\t<div class=\"elementor-element elementor-element-f94c29f elementor-widget__width-initial elementor-invisible elementor-widget elementor-widget-heading\" data-id=\"f94c29f\" data-element_type=\"widget\" data-e-type=\"widget\" data-settings=\"{&quot;_animation&quot;:&quot;opal-move-left&quot;}\" data-widget_type=\"heading.default\">\n\t\t\t\t\t<h2 data-cursor=\"-opaque\" class=\"elementor-heading-title elementor-size-default\">\nGi\u1ea3i ph\u00e1p <span class=\"c-primary\">thi\u1ebft k\u1ebf &amp; thi c\u00f4ng<\/span> to\u00e0n di\u1ec7n.<\/h2>\t\t\t\t<\/div>\n\t\t\t\t<div class=\"elementor-element elementor-element-fc85477 elementor-widget__width-initial elementor-invisible elementor-widget elementor-widget-text-editor\" data-id=\"fc85477\" data-element_type=\"widget\" data-e-type=\"widget\" data-settings=\"{&quot;_animation&quot;:&quot;opal-move-left&quot;}\" data-widget_type=\"text-editor.default\">\n\t\t\t\t\t\t\t\t\t<p>Cung c\u1ea5p h\u1ec7 sinh th\u00e1i d\u1ecbch v\u1ee5 to\u00e0n di\u1ec7n, k\u1ebft n\u1ed1i gi\u1eefa ngh\u1ec7 thu\u1eadt \u2013 thi\u1ebft k\u1ebf \u2013 thi c\u00f4ng \u2013 trang tr\u00ed \u2013 in \u1ea5n m\u1ef9 thu\u1eadt, nh\u1eb1m ki\u1ebfn t\u1ea1o nh\u1eefng kh\u00f4ng gian s\u1ed1ng v\u00e0 l\u00e0m vi\u1ec7c mang b\u1ea3n s\u1eafc ri\u00eang, gi\u00e0u c\u1ea3m x\u00fac v\u00e0 c\u00f3 chi\u1ec1u s\u00e2u th\u1ea9m m\u1ef9. Ch\u00fang t\u00f4i kh\u00f4ng ch\u1ec9 t\u1ea1o ra nh\u1eefng kh\u00f4ng gian \u0111\u1eb9p, m\u00e0 h\u01b0\u1edbng \u0111\u1ebfn vi\u1ec7c \u0111\u1ecbnh h\u00ecnh phong c\u00e1ch s\u1ed1ng, n\u01a1i m\u1ed7i chi ti\u1ebft \u0111\u1ec1u c\u00f3 l\u00fd do t\u1ed3n t\u1ea1i, m\u1ed7i kh\u00f4ng gian \u0111\u1ec1u k\u1ec3 m\u1ed9t c\u00e2u chuy\u1ec7n.<\/p>\t\t\t\t\t\t\t\t<\/div>\n\t\t\t\t<\/div>\n\t\t\t\t<\/div>\n\t\t\t\t<div class=\"elementor-element elementor-element-b0fc4b6 elementor-grid-3 elementor-grid-tablet-2 elementor-grid-mobile-1 service-block-positions-yes antra-services-style-1 elementor-invisible elementor-widget elementor-widget-antra-services-list\" data-id=\"b0fc4b6\" data-element_type=\"widget\" data-e-type=\"widget\" data-settings=\"{&quot;column&quot;:&quot;3&quot;,&quot;column_tablet&quot;:&quot;2&quot;,&quot;column_mobile&quot;:&quot;1&quot;,&quot;_animation&quot;:&quot;opal-move-up&quot;,&quot;column_spacing&quot;:{&quot;unit&quot;:&quot;px&quot;,&quot;size&quot;:30,&quot;sizes&quot;:[]},&quot;column_spacing_laptop&quot;:{&quot;unit&quot;:&quot;px&quot;,&quot;size&quot;:&quot;&quot;,&quot;sizes&quot;:[]},&quot;column_spacing_tablet_extra&quot;:{&quot;unit&quot;:&quot;px&quot;,&quot;size&quot;:&quot;&quot;,&quot;sizes&quot;:[]},&quot;column_spacing_tablet&quot;:{&quot;unit&quot;:&quot;px&quot;,&quot;size&quot;:&quot;&quot;,&quot;sizes&quot;:[]},&quot;column_spacing_mobile_extra&quot;:{&quot;unit&quot;:&quot;px&quot;,&quot;size&quot;:&quot;&quot;,&quot;sizes&quot;:[]},&quot;column_spacing_mobile&quot;:{&quot;unit&quot;:&quot;px&quot;,&quot;size&quot;:&quot;&quot;,&quot;sizes&quot;:[]}}\" data-widget_type=\"antra-services-list.default\">\n\t\t\t\t<div class=\"elementor-widget-container\">\n\t\t\t\t\t<div class=\"antra-service columns-1  elementor-service elementor-service-style1\">\n<div class=\"antra-con\">\n    <ul class=\"antra-service antra-list-wrapper clear-list-style elementor-grid\">\n\n<li class=\"antra-item service service-style-1 actived\">\n    <div class=\"service-block\">\n        <div class=\"service-top\">\n                    <div class=\"service-index-item\"><span>01<\/span><\/div>\n                            <figure class=\"post-thumbnail service-image\" data-cursor-text=\"View\">\n            <a href=\"https:\/\/mayliving.vn\/en\/dich-vu\/thi-cong-hoan-thien\/\" title=\"Thi c\u00f4ng ho\u00e0n thi\u1ec7n\">\n            <img fetchpriority=\"high\" decoding=\"async\" width=\"1410\" height=\"788\" src=\"https:\/\/mayliving.vn\/wp-content\/uploads\/2025\/06\/Thiet-ke-thi-cong-showroom.jpg\" class=\"attachment-full size-full wp-post-image\" alt=\"\" srcset=\"https:\/\/mayliving.vn\/wp-content\/uploads\/2025\/06\/Thiet-ke-thi-cong-showroom.jpg 1410w, https:\/\/mayliving.vn\/wp-content\/uploads\/2025\/06\/Thiet-ke-thi-cong-showroom-1000x559.jpg 1000w, https:\/\/mayliving.vn\/wp-content\/uploads\/2025\/06\/Thiet-ke-thi-cong-showroom-300x168.jpg 300w, https:\/\/mayliving.vn\/wp-content\/uploads\/2025\/06\/Thiet-ke-thi-cong-showroom-1024x572.jpg 1024w, https:\/\/mayliving.vn\/wp-content\/uploads\/2025\/06\/Thiet-ke-thi-cong-showroom-768x429.jpg 768w, https:\/\/mayliving.vn\/wp-content\/uploads\/2025\/06\/Thiet-ke-thi-cong-showroom-860x481.jpg 860w\" sizes=\"(max-width: 1410px) 100vw, 1410px\" \/>            <\/a>\n        <\/figure>\n                <\/div>\n\n        <div class=\"service-caption\">\n            <div class=\"service-content-loop\">\n                <div class=\"service-content-box\">\n                            <h3 class=\"service-loop-title\">\n            <a href=\"https:\/\/mayliving.vn\/en\/dich-vu\/thi-cong-hoan-thien\/\">Thi c\u00f4ng ho\u00e0n thi\u1ec7n<\/a>\t\t<\/h3>\n                <div class=\"service-loop-exerpt\"><p>May Living cung c\u1ea5p d\u1ecbch v\u1ee5 thi c\u00f4ng ho\u00e0n thi\u1ec7n tr\u1ecdn g\u00f3i, \u0111\u1ea3m b\u1ea3o \u0111\u1ed3ng b\u1ed9 tuy\u1ec7t \u0111\u1ed1i gi\u1eefa b\u1ea3n v\u1ebd thi\u1ebft k\u1ebf v\u00e0 c\u00f4ng tr\u00ecnh th\u1ef1c t\u1ebf<\/p>\n<\/div>\n                        <\/div>\n            <\/div>\n        <\/div>\n\n            <\/div>\n<\/li><li class=\"antra-item service service-style-1\">\n    <div class=\"service-block\">\n        <div class=\"service-top\">\n                    <div class=\"service-index-item\"><span>02<\/span><\/div>\n                            <figure class=\"post-thumbnail service-image\" data-cursor-text=\"View\">\n            <a href=\"https:\/\/mayliving.vn\/en\/dich-vu\/to-chuc-trien-lam-su-kien\/\" title=\"T\u1ed5 ch\u1ee9c tri\u1ec3n l\u00e3m &#038; s\u1ef1 ki\u1ec7n\">\n            <img decoding=\"async\" width=\"1410\" height=\"793\" src=\"https:\/\/mayliving.vn\/wp-content\/uploads\/2025\/06\/Tranh-san-pham-decor.jpg\" class=\"attachment-full size-full wp-post-image\" alt=\"\" srcset=\"https:\/\/mayliving.vn\/wp-content\/uploads\/2025\/06\/Tranh-san-pham-decor.jpg 1410w, https:\/\/mayliving.vn\/wp-content\/uploads\/2025\/06\/Tranh-san-pham-decor-1000x562.jpg 1000w, https:\/\/mayliving.vn\/wp-content\/uploads\/2025\/06\/Tranh-san-pham-decor-300x169.jpg 300w, https:\/\/mayliving.vn\/wp-content\/uploads\/2025\/06\/Tranh-san-pham-decor-1024x576.jpg 1024w, https:\/\/mayliving.vn\/wp-content\/uploads\/2025\/06\/Tranh-san-pham-decor-768x432.jpg 768w, https:\/\/mayliving.vn\/wp-content\/uploads\/2025\/06\/Tranh-san-pham-decor-860x484.jpg 860w\" sizes=\"(max-width: 1410px) 100vw, 1410px\" \/>            <\/a>\n        <\/figure>\n                <\/div>\n\n        <div class=\"service-caption\">\n            <div class=\"service-content-loop\">\n                <div class=\"service-content-box\">\n                            <h3 class=\"service-loop-title\">\n            <a href=\"https:\/\/mayliving.vn\/en\/dich-vu\/to-chuc-trien-lam-su-kien\/\">T\u1ed5 ch\u1ee9c tri\u1ec3n l\u00e3m &#038; s\u1ef1 ki\u1ec7n<\/a>\t\t<\/h3>\n                <div class=\"service-loop-exerpt\"><p>Cung c\u1ea5p gi\u1ea3i ph\u00e1p tr\u1ecdn g\u00f3i trong thi\u1ebft k\u1ebf, t\u1ed5 ch\u1ee9c v\u00e0 thi c\u00f4ng tri\u1ec3n l\u00e3m &#8211; s\u1ef1 ki\u1ec7n ngh\u1ec7 thu\u1eadt &#8211; th\u01b0\u01a1ng m\u1ea1i<\/p>\n<\/div>\n                        <\/div>\n            <\/div>\n        <\/div>\n\n            <\/div>\n<\/li><li class=\"antra-item service service-style-1\">\n    <div class=\"service-block\">\n        <div class=\"service-top\">\n                    <div class=\"service-index-item\"><span>03<\/span><\/div>\n                            <figure class=\"post-thumbnail service-image\" data-cursor-text=\"View\">\n            <a href=\"https:\/\/mayliving.vn\/en\/dich-vu\/thiet-ke-khong-gian\/\" title=\"Thi\u1ebft k\u1ebf kh\u00f4ng gian\">\n            <img decoding=\"async\" width=\"1410\" height=\"788\" src=\"https:\/\/mayliving.vn\/wp-content\/uploads\/2025\/06\/Tranh-san-pham-decor-2.jpg\" class=\"attachment-full size-full wp-post-image\" alt=\"\" srcset=\"https:\/\/mayliving.vn\/wp-content\/uploads\/2025\/06\/Tranh-san-pham-decor-2.jpg 1410w, https:\/\/mayliving.vn\/wp-content\/uploads\/2025\/06\/Tranh-san-pham-decor-2-1000x559.jpg 1000w, https:\/\/mayliving.vn\/wp-content\/uploads\/2025\/06\/Tranh-san-pham-decor-2-300x168.jpg 300w, https:\/\/mayliving.vn\/wp-content\/uploads\/2025\/06\/Tranh-san-pham-decor-2-1024x572.jpg 1024w, https:\/\/mayliving.vn\/wp-content\/uploads\/2025\/06\/Tranh-san-pham-decor-2-768x429.jpg 768w, https:\/\/mayliving.vn\/wp-content\/uploads\/2025\/06\/Tranh-san-pham-decor-2-860x481.jpg 860w\" sizes=\"(max-width: 1410px) 100vw, 1410px\" \/>            <\/a>\n        <\/figure>\n                <\/div>\n\n        <div class=\"service-caption\">\n            <div class=\"service-content-loop\">\n                <div class=\"service-content-box\">\n                            <h3 class=\"service-loop-title\">\n            <a href=\"https:\/\/mayliving.vn\/en\/dich-vu\/thiet-ke-khong-gian\/\">Thi\u1ebft k\u1ebf kh\u00f4ng gian<\/a>\t\t<\/h3>\n                <div class=\"service-loop-exerpt\"><p>Cung c\u1ea5p d\u1ecbch v\u1ee5 thi\u1ebft k\u1ebf kh\u00f4ng gian to\u00e0n di\u1ec7n cho nh\u00e0 \u1edf, v\u0103n ph\u00f2ng, showroom v\u00e0 kh\u00f4ng gian th\u01b0\u01a1ng m\u1ea1i<\/p>\n<\/div>\n                        <\/div>\n            <\/div>\n        <\/div>\n\n            <\/div>\n<\/li><li class=\"antra-item service service-style-1\">\n    <div class=\"service-block\">\n        <div class=\"service-top\">\n                    <div class=\"service-index-item\"><span>04<\/span><\/div>\n                            <figure class=\"post-thumbnail service-image\" data-cursor-text=\"View\">\n            <a href=\"https:\/\/mayliving.vn\/en\/dich-vu\/tu-van-y-tuong-concept\/\" title=\"T\u01b0 v\u1ea5n \u00fd t\u01b0\u1edfng &#038; concept\">\n            <img loading=\"lazy\" decoding=\"async\" width=\"1410\" height=\"788\" src=\"https:\/\/mayliving.vn\/wp-content\/uploads\/2025\/06\/Thiet-ke-thi-cong-noi-that-nha-o-2.jpg\" class=\"attachment-full size-full wp-post-image\" alt=\"\" srcset=\"https:\/\/mayliving.vn\/wp-content\/uploads\/2025\/06\/Thiet-ke-thi-cong-noi-that-nha-o-2.jpg 1410w, https:\/\/mayliving.vn\/wp-content\/uploads\/2025\/06\/Thiet-ke-thi-cong-noi-that-nha-o-2-1000x559.jpg 1000w, https:\/\/mayliving.vn\/wp-content\/uploads\/2025\/06\/Thiet-ke-thi-cong-noi-that-nha-o-2-300x168.jpg 300w, https:\/\/mayliving.vn\/wp-content\/uploads\/2025\/06\/Thiet-ke-thi-cong-noi-that-nha-o-2-1024x572.jpg 1024w, https:\/\/mayliving.vn\/wp-content\/uploads\/2025\/06\/Thiet-ke-thi-cong-noi-that-nha-o-2-768x429.jpg 768w, https:\/\/mayliving.vn\/wp-content\/uploads\/2025\/06\/Thiet-ke-thi-cong-noi-that-nha-o-2-860x481.jpg 860w\" sizes=\"(max-width: 1410px) 100vw, 1410px\" \/>            <\/a>\n        <\/figure>\n                <\/div>\n\n        <div class=\"service-caption\">\n            <div class=\"service-content-loop\">\n                <div class=\"service-content-box\">\n                            <h3 class=\"service-loop-title\">\n            <a href=\"https:\/\/mayliving.vn\/en\/dich-vu\/tu-van-y-tuong-concept\/\">T\u01b0 v\u1ea5n \u00fd t\u01b0\u1edfng &#038; concept<\/a>\t\t<\/h3>\n                <div class=\"service-loop-exerpt\"><p>May Living cung c\u1ea5p d\u1ecbch v\u1ee5 t\u01b0 v\u1ea5n \u00fd t\u01b0\u1edfng v\u00e0 x\u00e2y d\u1ef1ng concept t\u1ed5ng th\u1ec3 cho c\u00e1c c\u00f4ng tr\u00ecnh kh\u00f4ng gian s\u1ed1ng, th\u01b0\u01a1ng m\u1ea1i v\u00e0 ngh\u1ec7 thu\u1eadt<\/p>\n<\/div>\n                        <\/div>\n            <\/div>\n        <\/div>\n\n            <\/div>\n<\/li>    <\/ul>\n<\/div><\/div>\t\t\t\t<\/div>\n\t\t\t\t<\/div>\n\t\t\t\t\t<\/div>\n\t\t\t\t<\/div>\n\t\t\t\t<\/div>\n\t\t","protected":false},"excerpt":{"rendered":"<p>Gi\u1ea3i ph\u00e1p tr\u1ecdn g\u00f3i Gi\u1ea3i ph\u00e1p thi\u1ebft k\u1ebf &amp; thi c\u00f4ng to\u00e0n di\u1ec7n. Cung c\u1ea5p h\u1ec7 sinh th\u00e1i d\u1ecbch v\u1ee5 to\u00e0n di\u1ec7n, k\u1ebft n\u1ed1i gi\u1eefa ngh\u1ec7 thu\u1eadt \u2013 thi\u1ebft k\u1ebf \u2013 thi c\u00f4ng \u2013 trang tr\u00ed \u2013 in \u1ea5n m\u1ef9 thu\u1eadt, nh\u1eb1m ki\u1ebfn t\u1ea1o nh\u1eefng kh\u00f4ng gian s\u1ed1ng v\u00e0 l\u00e0m vi\u1ec7c mang b\u1ea3n s\u1eafc ri\u00eang, [&hellip;]<\/p>\n","protected":false},"author":1,"featured_media":0,"parent":0,"menu_order":0,"comment_status":"closed","ping_status":"closed","template":"","meta":{"footnotes":""},"class_list":["post-26","page","type-page","status-publish","hentry"],"_links":{"self":[{"href":"https:\/\/mayliving.vn\/en\/wp-json\/wp\/v2\/pages\/26","targetHints":{"allow":["GET"]}}],"collection":[{"href":"https:\/\/mayliving.vn\/en\/wp-json\/wp\/v2\/pages"}],"about":[{"href":"https:\/\/mayliving.vn\/en\/wp-json\/wp\/v2\/types\/page"}],"author":[{"embeddable":true,"href":"https:\/\/mayliving.vn\/en\/wp-json\/wp\/v2\/users\/1"}],"replies":[{"embeddable":true,"href":"https:\/\/mayliving.vn\/en\/wp-json\/wp\/v2\/comments?post=26"}],"version-history":[{"count":7,"href":"https:\/\/mayliving.vn\/en\/wp-json\/wp\/v2\/pages\/26\/revisions"}],"predecessor-version":[{"id":9766,"href":"https:\/\/mayliving.vn\/en\/wp-json\/wp\/v2\/pages\/26\/revisions\/9766"}],"wp:attachment":[{"href":"https:\/\/mayliving.vn\/en\/wp-json\/wp\/v2\/media?parent=26"}],"curies":[{"name":"wp","href":"https:\/\/api.w.org\/{rel}","templated":true}]}}