{"id":1185,"date":"2025-06-05T07:29:55","date_gmt":"2025-06-05T07:29:55","guid":{"rendered":"https:\/\/mayliving.vn\/product\/architectural-birch-panel\/"},"modified":"2026-02-10T09:44:42","modified_gmt":"2026-02-10T02:44:42","slug":"ghe-armchair-may-living-ml010","status":"publish","type":"product","link":"https:\/\/mayliving.vn\/en\/product\/ghe-armchair-may-living-ml010\/","title":{"rendered":"Gh\u1ebf armchair May Living &#8211; ML010"},"content":{"rendered":"<div>\n<p>Ch\u1ec9 c\u1ea7n nh\u00ecn qua m\u1ed9t l\u1ea7n, gh\u1ebf armchair thi\u1ebft k\u1ebf hi\u1ec7n \u0111\u1ea1i ML010 \u0111\u00e3 \u0111\u1ee7 khi\u1ebfn ng\u01b0\u1eddi ta m\u00ea \u0111\u1eafm b\u1edfi v\u1ebb ngo\u00e0i thanh l\u1ecbch v\u00e0 \u0111\u1ea7y c\u1ea3m x\u00fac.<\/p>\n<p>M\u1eabu gh\u1ebf mang \u0111\u1eadm tinh th\u1ea7n gh\u1ebf armchair phong c\u00e1ch H\u00e0n Qu\u1ed1c, n\u01a1i s\u1ef1 m\u1ec1m m\u1ea1i, tinh t\u1ebf v\u00e0 c\u1ea3m gi\u00e1c d\u1ec5 ch\u1ecbu \u0111\u01b0\u1ee3c \u0111\u1eb7t l\u00ean h\u00e0ng \u0111\u1ea7u.<\/p>\n<\/div>\n<div>Kh\u00f4ng qu\u00e1 c\u1ea7u k\u1ef3, nh\u01b0ng t\u1eebng chi ti\u1ebft \u0111\u1ec1u \u0111\u01b0\u1ee3c ch\u0103m ch\u00fat \u0111\u1ec3 t\u1ea1o n\u00ean m\u1ed9t t\u1ed5ng th\u1ec3 h\u00e0i h\u00f2a v\u00e0 cu\u1ed1n h\u00fat.<\/div>\n<p>&nbsp;<\/p>","protected":false},"excerpt":{"rendered":"<div>ML010 l\u00e0 l\u1ef1a ch\u1ecdn l\u00fd t\u01b0\u1edfng cho nh\u1eefng ai \u0111ang t\u00ecm ki\u1ebfm m\u1ed9t m\u1eabu gh\u1ebf armchair ph\u00f2ng kh\u00e1ch ho\u1eb7c gh\u1ebf armchair ph\u00f2ng ng\u1ee7 v\u1eeba \u0111\u1eb9p, v\u1eeba mang l\u1ea1i c\u1ea3m gi\u00e1c th\u01b0 gi\u00e3n tr\u1ecdn v\u1eb9n m\u1ed7i khi ng\u1ed3i xu\u1ed1ng.<\/div>","protected":false},"featured_media":9879,"comment_status":"open","ping_status":"closed","template":"","meta":[],"product_brand":[],"product_cat":[62,42],"product_tag":[47,51],"class_list":{"0":"post-1185","1":"product","2":"type-product","3":"status-publish","4":"has-post-thumbnail","6":"product_cat-ghe-sofa","7":"product_cat-tu-sach","8":"product_tag-factory","9":"product_tag-industry","11":"first","12":"instock","13":"sale","14":"shipping-taxable","15":"purchasable","16":"product-type-simple"},"_links":{"self":[{"href":"https:\/\/mayliving.vn\/en\/wp-json\/wp\/v2\/product\/1185","targetHints":{"allow":["GET"]}}],"collection":[{"href":"https:\/\/mayliving.vn\/en\/wp-json\/wp\/v2\/product"}],"about":[{"href":"https:\/\/mayliving.vn\/en\/wp-json\/wp\/v2\/types\/product"}],"replies":[{"embeddable":true,"href":"https:\/\/mayliving.vn\/en\/wp-json\/wp\/v2\/comments?post=1185"}],"wp:featuredmedia":[{"embeddable":true,"href":"https:\/\/mayliving.vn\/en\/wp-json\/wp\/v2\/media\/9879"}],"wp:attachment":[{"href":"https:\/\/mayliving.vn\/en\/wp-json\/wp\/v2\/media?parent=1185"}],"wp:term":[{"taxonomy":"product_brand","embeddable":true,"href":"https:\/\/mayliving.vn\/en\/wp-json\/wp\/v2\/product_brand?post=1185"},{"taxonomy":"product_cat","embeddable":true,"href":"https:\/\/mayliving.vn\/en\/wp-json\/wp\/v2\/product_cat?post=1185"},{"taxonomy":"product_tag","embeddable":true,"href":"https:\/\/mayliving.vn\/en\/wp-json\/wp\/v2\/product_tag?post=1185"}],"curies":[{"name":"wp","href":"https:\/\/api.w.org\/{rel}","templated":true}]}}